{"id":104,"date":"2022-08-25T06:58:37","date_gmt":"2022-08-25T06:58:37","guid":{"rendered":"http:\/\/demo.dvornik.ekoinfo.si\/?page_id=104"},"modified":"2022-08-29T13:23:11","modified_gmt":"2022-08-29T13:23:11","slug":"o-nas","status":"publish","type":"page","link":"http:\/\/demo.dvornik.ekoinfo.si\/de\/o-nas\/","title":{"rendered":"\u00dcBER UNS"},"content":{"rendered":"<p>[et_pb_section fb_built=&#8221;1&#8243; admin_label=&#8221;Header&#8221; _builder_version=&#8221;4.16&#8243; _module_preset=&#8221;default&#8221; global_colors_info=&#8221;{}&#8221; custom_padding=&#8221;||0px|||&#8221;][et_pb_row column_structure=&#8221;1_2,1_2&#8243; _builder_version=&#8221;4.16&#8243; _module_preset=&#8221;default&#8221; global_colors_info=&#8221;{}&#8221;][et_pb_column type=&#8221;1_2&#8243; _builder_version=&#8221;4.16&#8243; _module_preset=&#8221;default&#8221; global_colors_info=&#8221;{}&#8221;][et_pb_text _builder_version=&#8221;4.17.4&#8243; _module_preset=&#8221;default&#8221; header_font=&#8221;Bebas Neue||||||||&#8221; header_font_size=&#8221;150px&#8221; header_line_height=&#8221;0.9em&#8221; header_font_size_tablet=&#8221;80px&#8221; header_font_size_phone=&#8221;48px&#8221; header_font_size_last_edited=&#8221;on|tablet&#8221; header_line_height_tablet=&#8221;1em&#8221; header_line_height_phone=&#8221;&#8221; header_line_height_last_edited=&#8221;on|desktop&#8221; locked=&#8221;off&#8221; global_colors_info=&#8221;{}&#8221;]<\/p>\n<h1><\/h1>\n<p>&nbsp;<\/p>\n<p>&nbsp;<\/p>\n<p>&nbsp;<\/p>\n<p><strong><span style=\"font-size: x-large;\">GESCHICHTE UND VISION VON DVORNIK D.O.O.<\/span><\/strong><\/p>\n<p>&nbsp;<\/p>\n<p>&nbsp;<\/p>\n<p>Das Unternehmen DVORNIK trgovsko, storitveno in proizvodno podjetje d.o.o. ist ein Unternehmen mit langj\u00e4hrigen Erfahrungen und Tradition aus dem Bereich des Transports. Das Unternehmen wurde 1990 gegr\u00fcndet und entwickelte sich in dieser Zeit zu einem der gr\u00f6\u00dften Transportunternehmen K\u00e4rntens mit einem modernen Fuhrpark von rund 50 Aufliegern und Anh\u00e4ngern. Das Unternehmen befindet sich in Slovenj Gradec an der Grenze zu \u00d6sterreich. Unser Fokus liegt auf der Bereitstellung von Warentransporten von Unternehmen in Europa und Gro\u00dfbritannien zu unseren Kunden. Das Unternehmen verf\u00fcgt \u00fcber langj\u00e4hrige Erfahrungen und Tradition im Bereich Transport in der Automobilindustrie, wo P\u00fcnktlichkeit erforderlich ist, die unser Unternehmen seit Jahren bietet.<\/p>\n<p>Unser Ziel ist es, f\u00fcr einen tadellosen Fuhrpark unserer Fahrzeuge und au\u00dferordentliche Sorgfalt f\u00fcr das gesamte Team zu sorgen, das aus erfahrenen Fahrern, Disponenten, Lageristen und Verwaltungsmitarbeitern besteht, die dem Unternehmen einen Mehrwert verleihen und mit denen wir das Unternehmen nach vorne, auf eine h\u00f6here Stufe bringen k\u00f6nnen.<\/p>\n<p>Neben der Betreuung der Mitarbeiter k\u00fcmmert sich das Unternehmen auch die ganze Zeit um den Fuhrpark. Die Sorge um einen einwandfreien Fuhrpark und die au\u00dferordentliche Sorge um ein Team von exzellenten und erfahrenen Fahrern und anderen Mitarbeitern sind unser Wegweiser zum Ziel des Gesch\u00e4ftserfolgs.<\/p>\n<p>Wir achten besonders auf Informationen und Innovationen auf dem Markt und m\u00f6chten damit alle Bed\u00fcrfnisse des Kunden zufriedenstellen, bei dem wir nicht nur eine hohe durchgef\u00fchrte Servicequalit\u00e4t erreichen, sondern auch das gegenseitige Vertrauen schaffen m\u00f6chten.<\/p>\n<p><span style=\"color: #4f4f4f;\"><strong>Wir sind ein f\u00fchrendes, vertrauensw\u00fcrdiges Unternehmen in unserer Branche, das gegen\u00fcber den Nutzern unserer Dienstleistungen, Mitarbeitern und der Umwelt verantwortlich ist.<\/strong><\/span>\u00a0<\/p>\n<p>&nbsp;<\/p>\n<p>&nbsp;<\/p>\n<p>&nbsp;<\/p>\n<p>[\/et_pb_text][\/et_pb_column][et_pb_column type=&#8221;1_2&#8243; _builder_version=&#8221;4.16&#8243; _module_preset=&#8221;default&#8221; global_colors_info=&#8221;{}&#8221;][et_pb_image src=&#8221;http:\/\/demo.dvornik.ekoinfo.si\/wp-content\/uploads\/2022\/08\/DSC_7150.jpg&#8221; title_text=&#8221;DSC_7150&#8243; _builder_version=&#8221;4.17.4&#8243; _module_preset=&#8221;default&#8221; width=&#8221;90%&#8221; custom_margin=&#8221;205px||144px||false|false&#8221; custom_margin_tablet=&#8221;||0px||false|false&#8221; custom_margin_phone=&#8221;&#8221; custom_margin_last_edited=&#8221;on|tablet&#8221; box_shadow_style=&#8221;preset4&#8243; box_shadow_horizontal=&#8221;300px&#8221; box_shadow_vertical=&#8221;-160px&#8221; box_shadow_color=&#8221;#ea3900&#8243; box_shadow_vertical_tablet=&#8221;0px&#8221; box_shadow_vertical_phone=&#8221;&#8221; box_shadow_vertical_last_edited=&#8221;on|tablet&#8221; global_colors_info=&#8221;{}&#8221;][\/et_pb_image][\/et_pb_column][\/et_pb_row][\/et_pb_section][et_pb_section fb_built=&#8221;1&#8243; admin_label=&#8221;Contact Form&#8221; _builder_version=&#8221;4.16&#8243; _module_preset=&#8221;default&#8221; global_colors_info=&#8221;{}&#8221; custom_padding=&#8221;1px|||||&#8221;][et_pb_row column_structure=&#8221;3_5,2_5&#8243; _builder_version=&#8221;4.16&#8243; _module_preset=&#8221;default&#8221; global_colors_info=&#8221;{}&#8221;][et_pb_column type=&#8221;3_5&#8243; _builder_version=&#8221;4.16&#8243; _module_preset=&#8221;default&#8221; global_colors_info=&#8221;{}&#8221;][et_pb_text _builder_version=&#8221;4.16&#8243; _module_preset=&#8221;default&#8221; header_2_font=&#8221;Bebas Neue||||||||&#8221; header_2_font_size=&#8221;80px&#8221; custom_margin=&#8221;||10px||false|false&#8221; header_2_font_size_tablet=&#8221;42px&#8221; header_2_font_size_phone=&#8221;30px&#8221; header_2_font_size_last_edited=&#8221;on|phone&#8221; header_2_line_height_tablet=&#8221;1.2em&#8221; header_2_line_height_phone=&#8221;&#8221; header_2_line_height_last_edited=&#8221;on|tablet&#8221; locked=&#8221;off&#8221; global_colors_info=&#8221;{}&#8221;]<\/p>\n<h2>NACHRICHT SENDEN<\/h2>\n<p>[\/et_pb_text][\/et_pb_column][et_pb_column type=&#8221;2_5&#8243; _builder_version=&#8221;4.16&#8243; _module_preset=&#8221;default&#8221; global_colors_info=&#8221;{}&#8221;][et_pb_contact_form captcha=&#8221;off&#8221; _builder_version=&#8221;4.16&#8243; _module_preset=&#8221;default&#8221; form_field_background_color=&#8221;#ffffff&#8221; form_field_font_size=&#8221;16px&#8221; form_field_line_height=&#8221;1.8em&#8221; custom_button=&#8221;on&#8221; button_text_size=&#8221;14px&#8221; button_text_color=&#8221;#ffffff&#8221; button_bg_color=&#8221;#ea3900&#8243; button_border_color=&#8221;rgba(0,0,0,0)&#8221; button_border_radius=&#8221;0px&#8221; button_letter_spacing=&#8221;4px&#8221; button_font=&#8221;Bebas Neue||||||||&#8221; button_icon=&#8221;&#x24;||divi||400&#8243; button_custom_padding=&#8221;15px|40px|15px|40px|true|true&#8221; border_width_all=&#8221;1px&#8221; border_color_all=&#8221;#e6e6e6&#8243; global_colors_info=&#8221;{}&#8221;][et_pb_contact_field field_id=&#8221;Name&#8221; field_title=&#8221;Name&#8221; fullwidth_field=&#8221;on&#8221; _builder_version=&#8221;4.16&#8243; _module_preset=&#8221;default&#8221; global_colors_info=&#8221;{}&#8221; button_text_size__hover_enabled=&#8221;off&#8221; button_one_text_size__hover_enabled=&#8221;off&#8221; button_two_text_size__hover_enabled=&#8221;off&#8221; button_text_color__hover_enabled=&#8221;off&#8221; button_one_text_color__hover_enabled=&#8221;off&#8221; button_two_text_color__hover_enabled=&#8221;off&#8221; button_border_width__hover_enabled=&#8221;off&#8221; button_one_border_width__hover_enabled=&#8221;off&#8221; button_two_border_width__hover_enabled=&#8221;off&#8221; button_border_color__hover_enabled=&#8221;off&#8221; button_one_border_color__hover_enabled=&#8221;off&#8221; button_two_border_color__hover_enabled=&#8221;off&#8221; button_border_radius__hover_enabled=&#8221;off&#8221; button_one_border_radius__hover_enabled=&#8221;off&#8221; button_two_border_radius__hover_enabled=&#8221;off&#8221; button_letter_spacing__hover_enabled=&#8221;off&#8221; button_one_letter_spacing__hover_enabled=&#8221;off&#8221; button_two_letter_spacing__hover_enabled=&#8221;off&#8221; button_bg_color__hover_enabled=&#8221;off&#8221; button_one_bg_color__hover_enabled=&#8221;off&#8221; button_two_bg_color__hover_enabled=&#8221;off&#8221;][\/et_pb_contact_field][et_pb_contact_field field_id=&#8221;Email&#8221; field_title=&#8221;Email Address&#8221; field_type=&#8221;email&#8221; fullwidth_field=&#8221;on&#8221; _builder_version=&#8221;4.16&#8243; _module_preset=&#8221;default&#8221; global_colors_info=&#8221;{}&#8221; button_text_size__hover_enabled=&#8221;off&#8221; button_one_text_size__hover_enabled=&#8221;off&#8221; button_two_text_size__hover_enabled=&#8221;off&#8221; button_text_color__hover_enabled=&#8221;off&#8221; button_one_text_color__hover_enabled=&#8221;off&#8221; button_two_text_color__hover_enabled=&#8221;off&#8221; button_border_width__hover_enabled=&#8221;off&#8221; button_one_border_width__hover_enabled=&#8221;off&#8221; button_two_border_width__hover_enabled=&#8221;off&#8221; button_border_color__hover_enabled=&#8221;off&#8221; button_one_border_color__hover_enabled=&#8221;off&#8221; button_two_border_color__hover_enabled=&#8221;off&#8221; button_border_radius__hover_enabled=&#8221;off&#8221; button_one_border_radius__hover_enabled=&#8221;off&#8221; button_two_border_radius__hover_enabled=&#8221;off&#8221; button_letter_spacing__hover_enabled=&#8221;off&#8221; button_one_letter_spacing__hover_enabled=&#8221;off&#8221; button_two_letter_spacing__hover_enabled=&#8221;off&#8221; button_bg_color__hover_enabled=&#8221;off&#8221; button_one_bg_color__hover_enabled=&#8221;off&#8221; button_two_bg_color__hover_enabled=&#8221;off&#8221;][\/et_pb_contact_field][et_pb_contact_field field_id=&#8221;Message&#8221; field_title=&#8221;Message&#8221; field_type=&#8221;text&#8221; fullwidth_field=&#8221;on&#8221; _builder_version=&#8221;4.16&#8243; _module_preset=&#8221;default&#8221; global_colors_info=&#8221;{}&#8221; button_text_size__hover_enabled=&#8221;off&#8221; button_one_text_size__hover_enabled=&#8221;off&#8221; button_two_text_size__hover_enabled=&#8221;off&#8221; button_text_color__hover_enabled=&#8221;off&#8221; button_one_text_color__hover_enabled=&#8221;off&#8221; button_two_text_color__hover_enabled=&#8221;off&#8221; button_border_width__hover_enabled=&#8221;off&#8221; button_one_border_width__hover_enabled=&#8221;off&#8221; button_two_border_width__hover_enabled=&#8221;off&#8221; button_border_color__hover_enabled=&#8221;off&#8221; button_one_border_color__hover_enabled=&#8221;off&#8221; button_two_border_color__hover_enabled=&#8221;off&#8221; button_border_radius__hover_enabled=&#8221;off&#8221; button_one_border_radius__hover_enabled=&#8221;off&#8221; button_two_border_radius__hover_enabled=&#8221;off&#8221; button_letter_spacing__hover_enabled=&#8221;off&#8221; button_one_letter_spacing__hover_enabled=&#8221;off&#8221; button_two_letter_spacing__hover_enabled=&#8221;off&#8221; button_bg_color__hover_enabled=&#8221;off&#8221; button_one_bg_color__hover_enabled=&#8221;off&#8221; button_two_bg_color__hover_enabled=&#8221;off&#8221;][\/et_pb_contact_field][\/et_pb_contact_form][\/et_pb_column][\/et_pb_row][\/et_pb_section][et_pb_section fb_built=&#8221;1&#8243; admin_label=&#8221;Footer&#8221; _builder_version=&#8221;4.16&#8243; _module_preset=&#8221;default&#8221; background_color=&#8221;#000000&#8243; locked=&#8221;off&#8221; global_colors_info=&#8221;{}&#8221;][et_pb_row column_structure=&#8221;1_2,1_4,1_4&#8243; _builder_version=&#8221;4.17.4&#8243; _module_preset=&#8221;default&#8221; global_colors_info=&#8221;{}&#8221;][et_pb_column type=&#8221;1_2&#8243; _builder_version=&#8221;4.16&#8243; _module_preset=&#8221;default&#8221; global_colors_info=&#8221;{}&#8221;][et_pb_text _builder_version=&#8221;4.17.4&#8243; _module_preset=&#8221;default&#8221; text_font=&#8221;Bebas Neue||||||||&#8221; text_text_color=&#8221;#ffffff&#8221; text_font_size=&#8221;40px&#8221; text_letter_spacing=&#8221;0.05em&#8221; text_line_height=&#8221;1.2em&#8221; link_text_color=&#8221;#ffffff&#8221; header_3_font=&#8221;Bebas Neue||||||||&#8221; header_3_text_color=&#8221;rgba(255,255,255,0.48)&#8221; text_font_size_tablet=&#8221;30px&#8221; text_font_size_phone=&#8221;22px&#8221; text_font_size_last_edited=&#8221;on|tablet&#8221; global_colors_info=&#8221;{}&#8221;]<\/p>\n<h3>TELEFON<\/h3>\n<p><a data-dtype=\"d3ph\" data-local-attribute=\"d3ph\" jscontroller=\"LWZElb\" href=\"https:\/\/www.google.com\/search?q=dvornik&amp;rlz=1C1GCEU_slSI912SI912&amp;oq=dvornik+&amp;aqs=chrome.0.69i59j46i175i199i512j69i59j69i60l5.2550j0j9&amp;sourceid=chrome&amp;ie=UTF-8#\" jsdata=\"QKGTRc;_;CGMVzM\" jsaction=\"rcuQ6b:npT2md;F75qrd\" data-ved=\"2ahUKEwjZrZqFsub4AhU7_bsIHaYVANQQkAgoAHoECGAQAw\"><span><span aria-label=\"Call phone number (02) 881 24 40\">(02) 881 24 40<\/span><\/span><\/a><\/p>\n<p>[\/et_pb_text][et_pb_text _builder_version=&#8221;4.16&#8243; _module_preset=&#8221;default&#8221; text_font=&#8221;Bebas Neue||||||||&#8221; text_text_color=&#8221;#ffffff&#8221; text_font_size=&#8221;40px&#8221; text_letter_spacing=&#8221;0.05em&#8221; text_line_height=&#8221;1.2em&#8221; link_text_color=&#8221;#ea3900&#8243; header_3_font=&#8221;Bebas Neue||||||||&#8221; header_3_text_color=&#8221;rgba(255,255,255,0.48)&#8221; text_font_size_tablet=&#8221;30px&#8221; text_font_size_phone=&#8221;22px&#8221; text_font_size_last_edited=&#8221;on|tablet&#8221; global_colors_info=&#8221;{}&#8221;]<\/p>\n<h3>E-MAIL-ADRESSE<\/h3>\n<p>info@dvornik.si<\/p>\n<p>[\/et_pb_text][et_pb_social_media_follow _builder_version=&#8221;4.17.4&#8243; _module_preset=&#8221;default&#8221; box_shadow_style=&#8221;preset4&#8243; global_colors_info=&#8221;{}&#8221; body_font_size_tablet=&#8221;20px&#8221; body_font_size_phone=&#8221;16px&#8221; body_font_size_last_edited=&#8221;on|phone&#8221; icon_color__hover_enabled=&#8221;on|hover&#8221; icon_color__hover=&#8221;#ea3900&#8243;][et_pb_social_media_follow_network social_network=&#8221;youtube&#8221; url=&#8221;https:\/\/www.youtube.com\/watch?v=zbdcDrl4jn0&#8243; _builder_version=&#8221;4.17.4&#8243; _module_preset=&#8221;default&#8221; background_color=&#8221;#a82400&#8243; background_enable_color=&#8221;off&#8221; global_colors_info=&#8221;{}&#8221; follow_button=&#8221;off&#8221; url_new_window=&#8221;on&#8221;]youtube[\/et_pb_social_media_follow_network][et_pb_social_media_follow_network url=&#8221;https:\/\/www.europages.co.uk\/TRANSPORT-DVORNIK\/00000005477806-001.html&#8221; _builder_version=&#8221;4.17.4&#8243; _module_preset=&#8221;default&#8221; background_enable_color=&#8221;off&#8221; background_image=&#8221;http:\/\/demo.dvornik.ekoinfo.si\/wp-content\/uploads\/2022\/08\/ep.png&#8221; background_enable_image=&#8221;on&#8221; background_size=&#8221;contain&#8221; global_colors_info=&#8221;{}&#8221; follow_button=&#8221;off&#8221; url_new_window=&#8221;on&#8221;][\/et_pb_social_media_follow_network][et_pb_social_media_follow_network social_network=&#8221;linkedin&#8221; _builder_version=&#8221;4.16&#8243; _module_preset=&#8221;default&#8221; background_enable_color=&#8221;off&#8221; global_colors_info=&#8221;{}&#8221; follow_button=&#8221;off&#8221; url_new_window=&#8221;on&#8221;]linkedin[\/et_pb_social_media_follow_network][\/et_pb_social_media_follow][\/et_pb_column][et_pb_column type=&#8221;1_4&#8243; _builder_version=&#8221;4.16&#8243; _module_preset=&#8221;default&#8221; global_colors_info=&#8221;{}&#8221;][et_pb_text _builder_version=&#8221;4.17.4&#8243; _module_preset=&#8221;default&#8221; header_4_font=&#8221;Bebas Neue||||||||&#8221; header_4_font_size=&#8221;22px&#8221; header_4_letter_spacing=&#8221;4px&#8221; header_4_line_height=&#8221;1.6em&#8221; background_layout=&#8221;dark&#8221; custom_margin=&#8221;||||false|false&#8221; header_4_font_size_tablet=&#8221;20px&#8221; header_4_font_size_phone=&#8221;16px&#8221; header_4_font_size_last_edited=&#8221;on|phone&#8221; border_color_all=&#8221;#ea3900&#8243; border_width_bottom=&#8221;5px&#8221; locked=&#8221;off&#8221; global_colors_info=&#8221;{}&#8221; custom_margin__hover_enabled=&#8221;off|desktop&#8221;]<\/p>\n<h4>ADRESSE<\/h4>\n<p>[\/et_pb_text][et_pb_text _builder_version=&#8221;4.17.4&#8243; _module_preset=&#8221;default&#8221; text_font=&#8221;|600|||||||&#8221; text_font_size=&#8221;16px&#8221; text_line_height=&#8221;2em&#8221; link_text_color=&#8221;#ffffff&#8221; background_layout=&#8221;dark&#8221; text_font_size_tablet=&#8221;&#8221; text_font_size_phone=&#8221;14px&#8221; text_font_size_last_edited=&#8221;on|phone&#8221; global_colors_info=&#8221;{}&#8221; link_text_color__hover_enabled=&#8221;on|desktop&#8221; link_text_color__hover=&#8221;#ea3900&#8243;]<\/p>\n<p><span>DVORNIK TRANSPORT <\/span><\/p>\n<p><span>Celjska cesta 51, <\/span><\/p>\n<p><span>2380 Slovenj Gradec<\/span><\/p>\n<p>[\/et_pb_text][\/et_pb_column][et_pb_column type=&#8221;1_4&#8243; _builder_version=&#8221;4.16&#8243; _module_preset=&#8221;default&#8221; global_colors_info=&#8221;{}&#8221;][\/et_pb_column][\/et_pb_row][\/et_pb_section]<\/p>","protected":false},"excerpt":{"rendered":"<p>&nbsp; &nbsp; &nbsp; ZGODOVINA IN VIZIJA PODJETJA DVORNIK D.O.O. &nbsp; &nbsp; Dvornik d.o.o. je dru\u017einsko podjetje z dolgoletnimi izku\u0161njami na podro\u010dju avtoprevozni\u0161tva. Podjetje je bilo ustanovljeno leta 1990 in se je skozi navedeno obdobje razvijalo v eno najve\u010djih prevoznih podjetij na Koro\u0161kem s sodobnim voznim parkom, ki obsega okoli 50 kompozicij s polpriklopniki in priklopniki. [&hellip;]<\/p>","protected":false},"author":1,"featured_media":0,"parent":0,"menu_order":0,"comment_status":"closed","ping_status":"closed","template":"","meta":{"_et_pb_use_builder":"on","_et_pb_old_content":"","_et_gb_content_width":"","_mi_skip_tracking":false},"_links":{"self":[{"href":"http:\/\/demo.dvornik.ekoinfo.si\/de\/wp-json\/wp\/v2\/pages\/104"}],"collection":[{"href":"http:\/\/demo.dvornik.ekoinfo.si\/de\/wp-json\/wp\/v2\/pages"}],"about":[{"href":"http:\/\/demo.dvornik.ekoinfo.si\/de\/wp-json\/wp\/v2\/types\/page"}],"author":[{"embeddable":true,"href":"http:\/\/demo.dvornik.ekoinfo.si\/de\/wp-json\/wp\/v2\/users\/1"}],"replies":[{"embeddable":true,"href":"http:\/\/demo.dvornik.ekoinfo.si\/de\/wp-json\/wp\/v2\/comments?post=104"}],"version-history":[{"count":11,"href":"http:\/\/demo.dvornik.ekoinfo.si\/de\/wp-json\/wp\/v2\/pages\/104\/revisions"}],"predecessor-version":[{"id":217,"href":"http:\/\/demo.dvornik.ekoinfo.si\/de\/wp-json\/wp\/v2\/pages\/104\/revisions\/217"}],"wp:attachment":[{"href":"http:\/\/demo.dvornik.ekoinfo.si\/de\/wp-json\/wp\/v2\/media?parent=104"}],"curies":[{"name":"wp","href":"https:\/\/api.w.org\/{rel}","templated":true}]}}